{"id":705,"date":"2021-11-25T03:36:01","date_gmt":"2021-11-25T02:36:01","guid":{"rendered":"http:\/\/revue-francaise-histoire-economique.fr\/?page_id=705"},"modified":"2022-06-04T14:52:40","modified_gmt":"2022-06-04T12:52:40","slug":"abonnement","status":"publish","type":"page","link":"https:\/\/revue-francaise-histoire-economique.fr\/index.php\/abonnement\/","title":{"rendered":"Abonnement"},"content":{"rendered":"<p>&nbsp;<\/p>\n<p style=\"text-align: center;\"><a href=\"http:\/\/revue-francaise-histoire-economique.fr\/wp-content\/uploads\/2021\/11\/Bulletin-adhe\u0301sion-ARFHE-franc\u0327ais-2021-1.doc\"><span style=\"font-size: 14pt; color: #800000;\"><strong>T\u00e9l\u00e9charger le bulletin d&#8217;adh\u00e9sion <\/strong><\/span><\/a><\/p>\n<p style=\"text-align: center;\">A retourner accompagn\u00e9 de votre r\u00e8glement \u00e0<\/p>\n<p style=\"text-align: center;\"><strong><em>L\u2019<\/em><em>Association des Amis de la Revue Fran\u00e7aise d\u2019Histoire \u00e9conomiqu<\/em><\/strong><strong><em>e<\/em><\/strong><\/p>\n<p style=\"text-align: center;\">Professeur Dominique BARJOT<br \/>\nMaison de la Recherche<br \/>\nUniversit\u00e9 Paris Sorbonne (Paris IV)<br \/>\n28, rue Serpente 75006 Paris France<br \/>\nE-mail : <a href=\"mailto:frencheconomichistoryreview@gmail.com\">frencheconomichistoryreview@gmail.com<\/a><\/p>\n<p style=\"text-align: center;\"><strong>Tarifs<\/strong><\/p>\n<table style=\"width: 83.5068%; height: 578px;\">\n<tbody>\n<tr>\n<td style=\"width: 46.9771%;\" width=\"376\">\n<p style=\"text-align: center;\">\n<\/td>\n<td style=\"width: 24.5048%; text-align: center;\" width=\"123\"><strong><span style=\"font-size: 14pt;\">France<\/span><\/strong><\/td>\n<td style=\"width: 47.2291%; text-align: center;\" width=\"116\"><strong><span style=\"font-size: 14pt;\">\u00c9tranger<\/span><\/strong><\/td>\n<\/tr>\n<tr>\n<td style=\"width: 46.9771%;\" width=\"376\"><strong><span style=\"font-size: 14pt;\">Particuliers (frais d\u2019envoi inclus)<\/span><\/strong><\/td>\n<td style=\"width: 24.5048%; text-align: center;\" width=\"123\"><strong><span style=\"font-size: 14pt;\">1 an\u00a0 = 70\u20ac<\/span><\/strong><\/p>\n<p><strong><span style=\"font-size: 14pt;\">2 ans = 120\u20ac<\/span><\/strong><\/td>\n<td style=\"width: 47.2291%; text-align: center;\" width=\"116\"><strong><span style=\"font-size: 14pt;\">1 an\u00a0 = 80\u20ac<\/span><\/strong><\/p>\n<p><strong><span style=\"font-size: 14pt;\">2 ans = 150\u20ac<\/span><\/strong><\/td>\n<\/tr>\n<tr>\n<td style=\"width: 46.9771%;\" width=\"376\"><strong><span style=\"font-size: 14pt;\">Institutions (frais d\u2019envoi inclus)<\/span><\/strong><\/td>\n<td style=\"width: 24.5048%; text-align: center;\" width=\"123\"><strong><span style=\"font-size: 14pt;\">1 an\u00a0 = 170\u20ac<\/span><\/strong><\/p>\n<p><strong><span style=\"font-size: 14pt;\">2 ans = 330\u20ac<\/span><\/strong><\/td>\n<td style=\"width: 47.2291%; text-align: center;\" width=\"116\"><strong><span style=\"font-size: 14pt;\">1 an\u00a0 = 190\u20ac<\/span><\/strong><\/p>\n<p><strong><span style=\"font-size: 14pt;\">2 ans = 360\u20ac<\/span><\/strong><\/td>\n<\/tr>\n<tr>\n<td style=\"width: 46.9771%;\" width=\"376\"><strong><span style=\"font-size: 14pt;\">Particuliers\u00a0: Abonnement + adh\u00e9sion \u00e0 l\u2019Association des Amis de la <em>RFHE <\/em>(frais d\u2019envoi inclus)<\/span><\/strong><\/td>\n<td style=\"width: 24.5048%; text-align: center;\" width=\"123\"><strong><span style=\"font-size: 14pt;\">1 an\u00a0 = 65\u20ac<\/span><\/strong><\/p>\n<p><strong><span style=\"font-size: 14pt;\">2 ans = 115\u20ac<\/span><\/strong><\/td>\n<td style=\"width: 47.2291%; text-align: center;\" width=\"116\"><strong><span style=\"font-size: 14pt;\">1 an\u00a0 = 75\u20ac<\/span><\/strong><\/p>\n<p><strong><span style=\"font-size: 14pt;\">2 ans = 140\u20ac<\/span><\/strong><\/td>\n<\/tr>\n<tr>\n<td style=\"width: 46.9771%;\" width=\"376\"><strong><span style=\"font-size: 14pt;\">Institutions\u00a0: Abonnement + adh\u00e9sion \u00e0 l\u2019Association des Amis de la <em>RFHE <\/em>(frais d\u2019envoi inclus)<\/span><\/strong><\/td>\n<td style=\"width: 24.5048%; text-align: center;\" width=\"123\"><strong><span style=\"font-size: 14pt;\">1 an\u00a0 = 160\u20ac<\/span><\/strong><\/p>\n<p><strong><span style=\"font-size: 14pt;\">2 ans = 320\u20ac<\/span><\/strong><\/td>\n<td style=\"width: 47.2291%; text-align: center;\" width=\"116\"><strong><span style=\"font-size: 14pt;\">1 an\u00a0 = 180\u20ac<\/span><\/strong><\/p>\n<p><strong><span style=\"font-size: 14pt;\">2 ans = 330\u20ac<\/span><\/strong><\/td>\n<\/tr>\n<tr>\n<td style=\"width: 46.9771%;\" width=\"376\"><strong><span style=\"font-size: 14pt;\">Prix \u00e0 l\u2019unit\u00e9 (num\u00e9ro simple)<\/span><\/strong><\/td>\n<td style=\"width: 24.5048%; text-align: center;\" width=\"123\"><strong><span style=\"font-size: 14pt;\">36\u00a0\u20ac<\/span><\/strong><\/td>\n<td style=\"width: 47.2291%; text-align: center;\" width=\"116\"><strong><span style=\"font-size: 14pt;\">40\u00a0\u20ac (frais d\u2019envoi inclus)<\/span><\/strong><\/td>\n<\/tr>\n<tr>\n<td style=\"width: 46.9771%;\" width=\"376\"><strong><span style=\"font-size: 14pt;\">Prix \u00e0 l\u2019unit\u00e9 (num\u00e9ro double)<\/span><\/strong><\/td>\n<td style=\"width: 24.5048%; text-align: center;\" width=\"123\"><strong><span style=\"font-size: 14pt;\">72\u00a0\u20ac<\/span><\/strong><\/td>\n<td style=\"width: 47.2291%; text-align: center;\" width=\"116\">\n<p style=\"text-align: center;\"><strong><span style=\"font-size: 14pt;\">80\u00a0\u20ac (frais d\u2019envoi inclus)<\/span><\/strong><\/p>\n<\/td>\n<\/tr>\n<\/tbody>\n<\/table>\n<p style=\"text-align: justify;\">*Pour les abonnements \u00e0 l\u2019\u00e9tranger, les ch\u00e8ques ne sont pas accept\u00e9s et ne sont souscrits que par virement international \u00e0 l\u2019adresse suivante\u00a0:<\/p>\n","protected":false},"excerpt":{"rendered":"<p>&nbsp; T\u00e9l\u00e9charger le bulletin d&#8217;adh\u00e9sion A retourner accompagn\u00e9 de votre r\u00e8glement \u00e0 L\u2019Association des Amis de la Revue Fran\u00e7aise d\u2019Histoire \u00e9conomique Professeur Dominique BARJOT Maison de la Recherche Universit\u00e9 Paris Sorbonne (Paris IV) 28, rue Serpente 75006 Paris France E-mail : frencheconomichistoryreview@gmail.com Tarifs France \u00c9tranger Particuliers (frais d\u2019envoi inclus) 1 an\u00a0 = 70\u20ac 2 ans [&hellip;]<\/p>\n","protected":false},"author":1,"featured_media":0,"parent":0,"menu_order":0,"comment_status":"closed","ping_status":"closed","template":"","meta":[],"_links":{"self":[{"href":"https:\/\/revue-francaise-histoire-economique.fr\/index.php\/wp-json\/wp\/v2\/pages\/705"}],"collection":[{"href":"https:\/\/revue-francaise-histoire-economique.fr\/index.php\/wp-json\/wp\/v2\/pages"}],"about":[{"href":"https:\/\/revue-francaise-histoire-economique.fr\/index.php\/wp-json\/wp\/v2\/types\/page"}],"author":[{"embeddable":true,"href":"https:\/\/revue-francaise-histoire-economique.fr\/index.php\/wp-json\/wp\/v2\/users\/1"}],"replies":[{"embeddable":true,"href":"https:\/\/revue-francaise-histoire-economique.fr\/index.php\/wp-json\/wp\/v2\/comments?post=705"}],"version-history":[{"count":10,"href":"https:\/\/revue-francaise-histoire-economique.fr\/index.php\/wp-json\/wp\/v2\/pages\/705\/revisions"}],"predecessor-version":[{"id":853,"href":"https:\/\/revue-francaise-histoire-economique.fr\/index.php\/wp-json\/wp\/v2\/pages\/705\/revisions\/853"}],"wp:attachment":[{"href":"https:\/\/revue-francaise-histoire-economique.fr\/index.php\/wp-json\/wp\/v2\/media?parent=705"}],"curies":[{"name":"wp","href":"https:\/\/api.w.org\/{rel}","templated":true}]}}