{"id":703,"date":"2021-11-25T03:35:44","date_gmt":"2021-11-25T02:35:44","guid":{"rendered":"http:\/\/revue-francaise-histoire-economique.fr\/?page_id=703"},"modified":"2021-11-25T14:25:05","modified_gmt":"2021-11-25T13:25:05","slug":"soumettre-un-article","status":"publish","type":"page","link":"https:\/\/revue-francaise-histoire-economique.fr\/index.php\/soumettre-un-article\/","title":{"rendered":"Soumettre un article"},"content":{"rendered":"<p style=\"text-align: center;\"><span style=\"font-size: 14pt;\"><strong>\u00c0 l\u2019attention des auteurs<\/strong><\/span><\/p>\n<p style=\"text-align: center;\"><span style=\"font-size: 14pt;\"><strong>Article r\u00e9dig\u00e9 en fran\u00e7ais<\/strong><\/span><\/p>\n<p><span style=\"font-size: 14pt;\"><strong>\u00a0<\/strong><strong>Article de 35 000 signes (espaces compris)<\/strong><\/span><\/p>\n<p>&nbsp;<\/p>\n<p><span style=\"font-size: 14pt;\"><strong>Article tap\u00e9 en Times New Roman, corps 12, interligne 1,5<\/strong><\/span><\/p>\n<p><span style=\"font-size: 14pt;\"><strong>Notes de bas de page tap\u00e9es en Times New Roman en corps 10 <\/strong><\/span><\/p>\n<p><span style=\"font-size: 14pt;\"><strong>Pas de retrait paragraphe\u00a0: en fin de paragraphe, faire un simple retour clavier et ne pas sauter de ligne.<\/strong><\/span><\/p>\n<p><span style=\"font-size: 14pt;\"><strong>\u00a0<\/strong><\/span><\/p>\n<p><span style=\"font-size: 14pt;\"><strong>Pas de bibliographie en fin d\u2019article\u00a0: incorporer dans les notes en bas de pages la totalit\u00e9 des informations bibliographiques.<\/strong><\/span><\/p>\n<p><span style=\"font-size: 14pt;\"><strong>\u00a0<\/strong><\/span><\/p>\n<p><span style=\"font-size: 14pt;\"><strong>Citation longue (quatre lignes et plus)\u00a0:<\/strong><\/span><\/p>\n<p><span style=\"font-size: 14pt;\"><strong>&#8211; pas de guillemets si le texte de l\u2019article est en fran\u00e7ais <\/strong><\/span><\/p>\n<p><span style=\"font-size: 14pt;\"><strong>&#8211; sauter une ligne, puis faire un retrait de 1\u00a0cm \u00e0 gauche, taper la citation en corps 10, interligne simple.<\/strong><\/span><\/p>\n<p><span style=\"font-size: 14pt;\"><strong>\u00a0<\/strong><\/span><\/p>\n<p><span style=\"font-size: 14pt;\"><strong>Utiliser tr\u00e8s exceptionnellement le terme <em>etc<\/em>. et ne jamais \u00e9crire <em>etc\u2026<\/em><\/strong><\/span><\/p>\n<p><span style=\"font-size: 14pt;\"><strong>\u00a0<\/strong><\/span><\/p>\n<p><span style=\"font-size: 14pt;\"><strong>R\u00e8gles typographiques particuli\u00e8res pour des textes en Fran\u00e7ais<\/strong><\/span><\/p>\n<p><span style=\"font-size: 14pt;\"><strong>&#8211; Les chiffres romains en fran\u00e7ais sont en petites capitales\u00a0; exemple\u00a0: xviii<sup>e<\/sup> si\u00e8cle (et jamais XVIII<sup>\u00e8me<\/sup> si\u00e8cle)<\/strong><\/span><\/p>\n<p><span style=\"font-size: 14pt;\"><strong>&#8211; L\u2019appel de notes se fait avant le\u00a0 signe de ponctuation (. ou ,)<\/strong><\/span><\/p>\n<p><span style=\"font-size: 14pt;\"><strong>&#8211; Pas de ponctuation dans l\u2019\u00e9criture d\u2019un nombre, mais un espace entre le chiffre des centaines et le chiffre des milliers\u00a0; exemple\u00a0: 1\u00a0000 (1.000 est erron\u00e9) <\/strong><\/span><\/p>\n<p><span style=\"font-size: 14pt;\"><strong>&#8211; Il faut un espace entre le chiffre et le signe pourcentage\u00a0: 1\u00a0%<\/strong><\/span><\/p>\n<p><span style=\"font-size: 14pt;\"><strong>\u00a0<\/strong><\/span><\/p>\n<p><span style=\"font-size: 14pt;\"><strong>R\u00e8gles typographiques pour textes en anglais<\/strong><\/span><\/p>\n<ul>\n<li><span style=\"font-size: 14pt;\"><strong>pas d\u2019espace avant les signes doubles \u00a0(; \/\u00a0: \/\u00a0! \/\u00a0?)<\/strong><\/span><\/li>\n<\/ul>\n<p><span style=\"font-size: 14pt;\"><strong>\u00a0<\/strong><\/span><\/p>\n<p><span style=\"font-size: 14pt;\"><strong>\u00c9crire n\u00b0\u00a0<\/strong><\/span><\/p>\n<p><span style=\"font-size: 14pt;\"><strong>\u00c9crire vol.\u00a0<\/strong><\/span><\/p>\n<p><span style=\"font-size: 14pt;\"><strong>\u00c9crire pour tome\u00a0: t.<\/strong><\/span><\/p>\n<p><span style=\"font-size: 14pt;\"><strong>\u00c9crire pour chapitre\u00a0: chap. <\/strong><\/span><\/p>\n<p><span style=\"font-size: 14pt;\"><strong>Pour citer un ouvrage<\/strong><\/span><\/p>\n<p><span style=\"font-size: 14pt;\">Henry Clay, <em>Lord Norman<\/em>, Londres, Macmillan, 1957, p. 78.<\/span><\/p>\n<p><span style=\"font-size: 14pt;\"><strong>Pour reciter un ouvrage d\u00e9j\u00e0 cit\u00e9<\/strong><\/span><\/p>\n<p><span style=\"font-size: 14pt;\">Henry Clay, <em>Lord Norman<\/em>, <em>op. cit.,<\/em> p. 34.<\/span><\/p>\n<p><span style=\"font-size: 14pt;\"><strong>Recitation imm\u00e9diate<\/strong><\/span><\/p>\n<p><span style=\"font-size: 14pt;\"><em>Ibid.<\/em>, p.\u00a035.<\/span><\/p>\n<p><span style=\"font-size: 14pt;\"><strong>Pour citer un article dans un ouvrage<\/strong><\/span><\/p>\n<p><span style=\"font-size: 14pt;\">Teresa Seabourne, \u00ab\u00a0The Summer of 1914\u00a0\u00bb, in Forest Capie and Geoffrey E. Wood (dir.), <em>Financial Crisis and the World Banking System<\/em>, 1986, p. 90-101.<\/span><\/p>\n<p><span style=\"font-size: 14pt;\">Richard Roberts, \u00ab\u00a0The London Financial Crisis of 1914\u00a0\u00bb, in Patrice Baubeau et Anders \u00d6gren (dir.), <em>Convergence and divergence of National Financial Systems: Evidence from the Gold Standards, 1871-1971<\/em>, Londres, Pickering &amp; Chatto, 2010, p. 164.<\/span><\/p>\n<p><span style=\"font-size: 14pt;\"><strong>Pour reciter un article d\u00e9j\u00e0 cit\u00e9 dans un ouvrage<\/strong><\/span><\/p>\n<p><span style=\"font-size: 14pt;\">Richard Roberts, \u00ab\u00a0The London Financial Crisis of 1914\u00a0\u00bb, art. cit<em>.,<\/em> 2010, p. 170.<\/span><\/p>\n<p><span style=\"font-size: 14pt;\"><strong>Recitation imm\u00e9diate de l\u2019article<\/strong><\/span><\/p>\n<p><span style=\"font-size: 14pt;\"><em>Ibid.<\/em>, p. 171.<\/span><\/p>\n<p><span style=\"font-size: 14pt;\"><strong>Pour citer un article publi\u00e9 dans une revue<\/strong><\/span><\/p>\n<p><span style=\"font-size: 14pt;\">Susan Howson, \u00ab\u00a0The origins of Dear Money, 1919-1920\u00a0\u00bb, <em>The Economic History Review<\/em>, vol. 27, n\u00b0 1, f\u00e9v., 1974, p. 88-107.<\/span><\/p>\n<p><span style=\"font-size: 14pt;\"><strong>Pour reciter un article d\u00e9j\u00e0 cit\u00e9 dans une revue<\/strong><\/span><\/p>\n<p><span style=\"font-size: 14pt;\">Susan Howson, \u00ab\u00a0The origins of Dear Money, 1919-1920\u00a0\u00bb, art. cit., p.\u00a090.<\/span><\/p>\n<p>&nbsp;<\/p>\n","protected":false},"excerpt":{"rendered":"<p>\u00c0 l\u2019attention des auteurs Article r\u00e9dig\u00e9 en fran\u00e7ais \u00a0Article de 35 000 signes (espaces compris) &nbsp; Article tap\u00e9 en Times New Roman, corps 12, interligne 1,5 Notes de bas de page tap\u00e9es en Times New Roman en corps 10 Pas de retrait paragraphe\u00a0: en fin de paragraphe, faire un simple retour clavier et ne pas [&hellip;]<\/p>\n","protected":false},"author":1,"featured_media":0,"parent":0,"menu_order":0,"comment_status":"closed","ping_status":"closed","template":"","meta":[],"_links":{"self":[{"href":"https:\/\/revue-francaise-histoire-economique.fr\/index.php\/wp-json\/wp\/v2\/pages\/703"}],"collection":[{"href":"https:\/\/revue-francaise-histoire-economique.fr\/index.php\/wp-json\/wp\/v2\/pages"}],"about":[{"href":"https:\/\/revue-francaise-histoire-economique.fr\/index.php\/wp-json\/wp\/v2\/types\/page"}],"author":[{"embeddable":true,"href":"https:\/\/revue-francaise-histoire-economique.fr\/index.php\/wp-json\/wp\/v2\/users\/1"}],"replies":[{"embeddable":true,"href":"https:\/\/revue-francaise-histoire-economique.fr\/index.php\/wp-json\/wp\/v2\/comments?post=703"}],"version-history":[{"count":2,"href":"https:\/\/revue-francaise-histoire-economique.fr\/index.php\/wp-json\/wp\/v2\/pages\/703\/revisions"}],"predecessor-version":[{"id":809,"href":"https:\/\/revue-francaise-histoire-economique.fr\/index.php\/wp-json\/wp\/v2\/pages\/703\/revisions\/809"}],"wp:attachment":[{"href":"https:\/\/revue-francaise-histoire-economique.fr\/index.php\/wp-json\/wp\/v2\/media?parent=703"}],"curies":[{"name":"wp","href":"https:\/\/api.w.org\/{rel}","templated":true}]}}