{"id":18,"date":"2020-12-20T11:07:47","date_gmt":"2020-12-20T11:07:47","guid":{"rendered":"http:\/\/maria.oceanwp.org\/?page_id=18"},"modified":"2022-06-04T14:53:58","modified_gmt":"2022-06-04T12:53:58","slug":"contact","status":"publish","type":"page","link":"https:\/\/revue-francaise-histoire-economique.fr\/index.php\/contact\/","title":{"rendered":"Contact"},"content":{"rendered":"<p><strong><em>Directeur de la r\u00e9daction, fondateur<\/em><\/strong><br \/>\nDominique Barjot (Paris Sorbonne) &#8211; <a href=\"mailto:dom.barjot@orange.fr\">dom.barjot@orange.fr<\/a><\/p>\n<p><strong><em>Secr\u00e9taire de la r\u00e9daction adjoint<\/em><\/strong><br \/>\nBoris Vinogradov (Universit\u00e9 de Nantes) &#8211; <a href=\"mailto:vinogradovboris@live.fr\">vinogradovboris@live.fr<\/a><\/p>\n<p><em><strong>Adresse postale\u00a0<\/strong><\/em><strong>:<\/strong><\/p>\n<p>Maison de la Recherche<br \/>\nUniversit\u00e9 Paris Sorbonne (Paris IV)<br \/>\n28, rue Serpente 75006 Paris France<\/p>\n<p><em><b>Adresse \u00e9lectronique <\/b><\/em><strong>:<\/strong><\/p>\n<p><a href=\"mailto:frencheconomichistoryreview@gmail.com\">frencheconomichistoryreview@gmail.com<\/a><\/p>\n<p>P\u00e9riodicit\u00e9 :\u00a0<b>2 n<sup>os<\/sup>\u00a0\/an<\/b><br \/>\nISSN :\u00a0<b>2427-4062<\/b><br \/>\nISSN en ligne :\u00a0<b>2608-0753<\/b><br \/>\n\u00c9diteur :\u00a0<b><a href=\"https:\/\/www.cairn.info\/editeur.php?ID_EDITEUR=HAR\">L&#8217;Harmattan<\/a><\/b><\/p>\n","protected":false},"excerpt":{"rendered":"<p>Directeur de la r\u00e9daction, fondateur Dominique Barjot (Paris Sorbonne) &#8211; dom.barjot@orange.fr Secr\u00e9taire de la r\u00e9daction adjoint Boris Vinogradov (Universit\u00e9 de Nantes) &#8211; vinogradovboris@live.fr Adresse postale\u00a0: Maison de la Recherche Universit\u00e9 Paris Sorbonne (Paris IV) 28, rue Serpente 75006 Paris France Adresse \u00e9lectronique : frencheconomichistoryreview@gmail.com P\u00e9riodicit\u00e9 :\u00a02 nos\u00a0\/an ISSN :\u00a02427-4062 ISSN en ligne :\u00a02608-0753 \u00c9diteur :\u00a0L&#8217;Harmattan<\/p>\n","protected":false},"author":1,"featured_media":0,"parent":0,"menu_order":0,"comment_status":"closed","ping_status":"closed","template":"","meta":[],"_links":{"self":[{"href":"https:\/\/revue-francaise-histoire-economique.fr\/index.php\/wp-json\/wp\/v2\/pages\/18"}],"collection":[{"href":"https:\/\/revue-francaise-histoire-economique.fr\/index.php\/wp-json\/wp\/v2\/pages"}],"about":[{"href":"https:\/\/revue-francaise-histoire-economique.fr\/index.php\/wp-json\/wp\/v2\/types\/page"}],"author":[{"embeddable":true,"href":"https:\/\/revue-francaise-histoire-economique.fr\/index.php\/wp-json\/wp\/v2\/users\/1"}],"replies":[{"embeddable":true,"href":"https:\/\/revue-francaise-histoire-economique.fr\/index.php\/wp-json\/wp\/v2\/comments?post=18"}],"version-history":[{"count":8,"href":"https:\/\/revue-francaise-histoire-economique.fr\/index.php\/wp-json\/wp\/v2\/pages\/18\/revisions"}],"predecessor-version":[{"id":855,"href":"https:\/\/revue-francaise-histoire-economique.fr\/index.php\/wp-json\/wp\/v2\/pages\/18\/revisions\/855"}],"wp:attachment":[{"href":"https:\/\/revue-francaise-histoire-economique.fr\/index.php\/wp-json\/wp\/v2\/media?parent=18"}],"curies":[{"name":"wp","href":"https:\/\/api.w.org\/{rel}","templated":true}]}}